{"id":6,"date":"2014-02-21T12:20:03","date_gmt":"2014-02-21T12:20:03","guid":{"rendered":"http:\/\/druga-design.de\/wp\/?page_id=6"},"modified":"2020-07-05T14:19:50","modified_gmt":"2020-07-05T14:19:50","slug":"druga-design-2","status":"publish","type":"page","link":"http:\/\/druga-design.de\/de\/","title":{"rendered":"DRUGA DESIGN"},"content":{"rendered":"<p>Das DRUGA DESIGN _ Studio f\u00fcr visuelle Kommunikation Berlin bietet professionelle, kreative und individuelle Grafikdesignleistungen aus den Bereichen Corporate Design, Editorial Design, Information Design und der Fotografie an. Unternehmen, Institutionen, Verb\u00e4nde, Organisationen, Kultureinrichtungen, Gr\u00fcnder, Kreative und Einzelk\u00e4mpfer\/-innen werden in allen Fragen der visuellen Kommunikation von der Planung \u00fcber die grafische Gestaltung bis hin zur Realisation und Produktion unterst\u00fctzt.<\/p>\n","protected":false},"excerpt":{"rendered":"<p>Das DRUGA DESIGN _ Studio f\u00fcr visuelle Kommunikation Berlin bietet professionelle, kreative und individuelle Grafikdesignleistungen aus den Bereichen Corporate Design, Editorial Design, Information Design und der Fotografie an. Unternehmen, Institutionen, Verb\u00e4nde, Organisationen, Kultureinrichtungen, Gr\u00fcnder, Kreative und Einzelk\u00e4mpfer\/-innen werden in allen Fragen der visuellen Kommunikation von der Planung \u00fcber die grafische Gestaltung bis hin zur Realisation<\/p>\n","protected":false},"author":4,"featured_media":0,"parent":0,"menu_order":1,"comment_status":"closed","ping_status":"open","template":"page_home.php","meta":[],"_links":{"self":[{"href":"http:\/\/druga-design.de\/de\/wp-json\/wp\/v2\/pages\/6"}],"collection":[{"href":"http:\/\/druga-design.de\/de\/wp-json\/wp\/v2\/pages"}],"about":[{"href":"http:\/\/druga-design.de\/de\/wp-json\/wp\/v2\/types\/page"}],"author":[{"embeddable":true,"href":"http:\/\/druga-design.de\/de\/wp-json\/wp\/v2\/users\/4"}],"replies":[{"embeddable":true,"href":"http:\/\/druga-design.de\/de\/wp-json\/wp\/v2\/comments?post=6"}],"version-history":[{"count":3,"href":"http:\/\/druga-design.de\/de\/wp-json\/wp\/v2\/pages\/6\/revisions"}],"predecessor-version":[{"id":1345,"href":"http:\/\/druga-design.de\/de\/wp-json\/wp\/v2\/pages\/6\/revisions\/1345"}],"wp:attachment":[{"href":"http:\/\/druga-design.de\/de\/wp-json\/wp\/v2\/media?parent=6"}],"curies":[{"name":"wp","href":"https:\/\/api.w.org\/{rel}","templated":true}]}}